{"id":851,"date":"2024-05-29T11:29:18","date_gmt":"2024-05-29T11:29:18","guid":{"rendered":"https:\/\/nobelartapartments.ro\/?page_id=851"},"modified":"2024-07-10T08:55:48","modified_gmt":"2024-07-10T08:55:48","slug":"terms-and-conditions","status":"publish","type":"page","link":"https:\/\/nobelartapartments.ro\/en\/terms-and-conditions\/","title":{"rendered":"TERMENI \u0218I CONDI\u021aII"},"content":{"rendered":"<div data-elementor-type=\"wp-page\" data-elementor-id=\"851\" class=\"elementor elementor-851\">\n\t\t\t\t<div class=\"elementor-element elementor-element-fbaa5fb e-flex e-con-boxed e-con e-parent\" data-id=\"fbaa5fb\" data-element_type=\"container\" data-core-v316-plus=\"true\">\n\t\t\t\t\t<div class=\"e-con-inner\">\n\t\t<div class=\"elementor-element elementor-element-dccc68e e-flex e-con-boxed e-con e-child\" data-id=\"dccc68e\" data-element_type=\"container\">\n\t\t\t\t\t<div class=\"e-con-inner\">\n\t\t<div class=\"elementor-element elementor-element-9eb240e e-flex e-con-boxed e-con e-child\" data-id=\"9eb240e\" data-element_type=\"container\">\n\t\t\t\t\t<div class=\"e-con-inner\">\n\t\t\t\t<div class=\"elementor-element elementor-element-ed080e6 elementor-widget elementor-widget-text-editor\" data-id=\"ed080e6\" data-element_type=\"widget\" data-widget_type=\"text-editor.default\">\n\t\t\t\t<div class=\"elementor-widget-container\">\n\t\t\t<style>\/*! elementor - v3.20.0 - 06-03-2024 *\/\n.elementor-widget-text-editor.elementor-drop-cap-view-stacked .elementor-drop-cap{background-color:#69727d;color:#fff}.elementor-widget-text-editor.elementor-drop-cap-view-framed .elementor-drop-cap{color:#69727d;border:3px solid;background-color:transparent}.elementor-widget-text-editor:not(.elementor-drop-cap-view-default) .elementor-drop-cap{margin-top:8px}.elementor-widget-text-editor:not(.elementor-drop-cap-view-default) .elementor-drop-cap-letter{width:1em;height:1em}.elementor-widget-text-editor .elementor-drop-cap{float:left;text-align:center;line-height:1;font-size:50px}.elementor-widget-text-editor .elementor-drop-cap-letter{display:inline-block}<\/style>\t\t\t\t<h2>POLITICA COOKIE:<\/h2>\n<p>Aceast\u0103 politic\u0103 cookie (&#8222;Politica Cookie&#8221;) se aplic\u0103 site-ului SC Inamstro SRL (www.inamstro.md), denumit \u00een continuare &#8222;Site-ul&#8221;. Cookie-urile sunt fi\u0219iere text mici stocate pe dispozitivul dumneavoastr\u0103 care con\u021bin anumite informa\u021bii, uneori inclusiv date personale. Pluginurile de re\u021bele sociale sunt piese de software dezvoltate de re\u021bele sociale (de exemplu, Facebook, LinkedIn etc.), care adaug\u0103 func\u021bionalitate de re\u021bea social\u0103 atunci c\u00e2nd sunt activate pe Site-ul www.inamstro.md.<\/p>\n<p>Continu\u00e2nd s\u0103 utiliza\u021bi Site-ul sau f\u0103c\u00e2nd clic pe butonul &#8222;Sunt de acord&#8221; dup\u0103 ce a\u021bi fost notificat despre utilizarea cookie-urilor \u0219i pluginurilor de re\u021bele sociale, confirma\u021bi c\u0103 a\u021bi citit cu aten\u021bie aceast\u0103 Politic\u0103 Cookie \u0219i c\u0103 sunte\u021bi de acord cu ea. V\u0103 pute\u021bi schimba preferin\u021bele privind cookie-urile oric\u00e2nd din set\u0103rile browserului.<\/p>\n<h2><b>CINE ESTE RESPONSABIL PENTRU PRELUCRAREA DATELOR DVS. PERSONALE?<\/b><\/h2>\n<p>SC Inamstro SRL, Bulevardul \u0218tefan cel Mare \u0219i Sf\u00e2nt 171\/2, Chi\u0219in\u0103u, este entitatea care prelucreaz\u0103 datele dvs. personale \u00een contextul acestei Politici Cookie (denumit\u0103 \u00een continuare \u201eNoi\u201d). Aceast\u0103 Politic\u0103 Cookie poate fi actualizat\u0103 ocazional pentru a reflecta orice schimb\u0103ri legislative sau practice relevante. V\u0103 rug\u0103m s\u0103 verifica\u021bi periodic acest document pentru a fi la curent cu aceste schimb\u0103ri.<\/p>\n<p>Datele dvs. personale sunt prelucrate de SC Inamstro SRL (denumit\u0103 \u00een continuare: \u201eNoi\u201d).<\/p>\n<p>Orice termen care \u00eencepe cu o liter\u0103 mare este definit \u00een cadrul acestei Politici de Confiden\u021bialitate. \u00cen m\u0103sura \u00een care contextul permite, cuvintele la singular includ pluralul \u0219i invers.<\/p>\n<p>Referin\u021bele la anumite legi sau regulamente includ toate modific\u0103rile, \u00eenlocuirile sau revoc\u0103rile acestora, inclusiv orice ordine administrative asociate.<\/p>\n<p>SC Inamstro SRL \u00ee\u0219i rezerv\u0103 dreptul de a modifica, actualiza sau completa aceast\u0103 Politic\u0103 de Confiden\u021bialitate \u00een mod regulat. Orice modificare, actualizare sau ad\u0103ugare va fi comunicat\u0103 prin intermediul Site-ului www.inamstro.md.<\/p>\n<h2><b>COOKIE<\/b><\/h2>\n<p>Folosim un set de cookie-uri c\u00e2nd vizita\u021bi Site-ul nostru (www.inamstro.md). Aceste cookie-uri sunt \u00eemp\u0103r\u021bite \u00een 3 categorii: cookie-uri func\u021bionale; cookie-uri pentru analize \u0219i statistici; cookie-uri pentru publicitate \u0219i re\u021bele sociale. Ave\u021bi dreptul de a v\u0103 retrage consim\u021b\u0103m\u00e2ntul pentru utilizarea cookie-urilor de c\u0103tre SC Inamstro SRL \u00een orice moment.<\/p>\n<p>Pute\u021bi preveni plasarea cookie-urilor configur\u00e2nd corespunz\u0103tor browserul dumneavoastr\u0103. Instruc\u021biuni despre cum s\u0103 face\u021bi acest lucru pot fi g\u0103site aici:<\/p>\n<ul>\n<li>Internet Explorer: https:\/\/support.microsoft.com\/<\/li>\n<li>Microsoft Edge: http:\/\/windows.microsoft.com\/<\/li>\n<li>Chrome: https:\/\/support.google.com\/<\/li>\n<li>Firefox: https:\/\/support.mozilla.org\/<\/li>\n<li>Safari: https:\/\/support.apple.com\/<\/li>\n<\/ul>\n<p>Cu toate acestea, blocarea cookie-urilor la vizitarea Site-ului www.inamstro.md poate provoca disfunc\u021bionalit\u0103\u021bi ale anumitor func\u021bii sau a \u00eentregului site.<\/p>\n<p>C\u00e2nd vizita\u021bi site-ul nostru, SC Inamstro SRL plaseaz\u0103 o serie de cookie-uri. Majoritatea datelor referitoare la aceste cookie-uri, plasarea \u0219i utilizarea lor ne permit s\u0103 v\u0103 identific\u0103m, \u0219i SC Inamstro SRL le folose\u0219te pentru a ob\u021bine o imagine de ansamblu despre modul \u00een care dumneavoastr\u0103 \u0219i al\u021bi vizitatori utiliza\u021bi Site-ul www.inamstro.md, colect\u00e2nd date statistice \u0219i de utilizare, care ne permit s\u0103 v\u0103 oferim o experien\u021b\u0103 \u00eembun\u0103t\u0103\u021bit\u0103 pe Site-ul www.inamstro.md.<\/p>\n<p>Pute\u021bi oric\u00e2nd s\u0103 v\u0103 retrage\u021bi consim\u021b\u0103m\u00e2ntul pentru utilizarea cookie-urilor de c\u0103tre SC Inamstro SRL. Pentru a exercita acest drept, este suficient s\u0103 \u0219terge\u021bi cookie-urile care au fost plasate pe dispozitivul dumneavoastr\u0103. Pentru a face acest lucru, v\u0103 rug\u0103m s\u0103 consulta\u021bi instruc\u021biunile corespunz\u0103toare ale furnizorului browserului dumneavoastr\u0103, a\u0219a cum sunt listate mai sus.<\/p>\n<h2>DE CE PRELUCR\u0102M DATELE DVS. PERSONALE?<\/h2>\n<p>Prelucr\u0103m datele dvs. personale prin cookie-uri din mai multe motive: pentru a \u00eembun\u0103t\u0103\u021bi Site-ul nostru \u0219i serviciile pe care le oferim; pentru a afi\u0219a reclame personalizate; pentru a furniza informa\u021bii ter\u021bilor; \u0219i pentru a asigura o experien\u021b\u0103 web sigur\u0103 pentru utilizatorii no\u0219tri \u0219i pentru noi \u00een\u0219ine.<\/p>\n<p>SC Inamstro SRL prelucreaz\u0103 datele dvs. personale pentru a v\u0103 oferi con\u021binut \u0219i reclame personalizate \u0219i pentru a efectua analize statistice, astfel \u00eenc\u00e2t s\u0103 putem \u00eembun\u0103t\u0103\u021bi Site-ul, reclamele, produsele \u0219i serviciile sau pentru a dezvolta produse \u0219i servicii noi.<\/p>\n<p>SC Inamstro SRL poate prelucra datele dvs. personale pentru a informa orice ter\u021b\u0103 parte \u00een contextul unei posibile fuziuni cu, achizi\u021bie\/dezinvestire de c\u0103tre acea ter\u021b\u0103 parte.<\/p>\n<p>SC Inamstro SRL poate prelucra datele dvs. personale pentru a proteja interesele legitime ale SC Inamstro SRL, ale partenerilor no\u0219tri sau ale unei ter\u021be p\u0103r\u021bi, dac\u0103 \u0219i c\u00e2nd \u00eenregistrarea sau utilizarea Site-ului www.inamstro.md poate fi considerat\u0103 (a) o \u00eenc\u0103lcare a oric\u0103ror termeni de utilizare aplicabili sau drepturi de proprietate intelectual\u0103 sau orice alt drept al unei ter\u021be p\u0103r\u021bi; (b) o amenin\u021bare la adresa securit\u0103\u021bii sau integrit\u0103\u021bii Site-ului www.inamstro.md; (c) un pericol pentru Site-ul www.inamstro.md sau pentru oricare dintre sistemele noastre sau ale subcontractorilor no\u0219tri din cauza viru\u0219ilor, troienilor, spyware, malware sau orice alt\u0103 form\u0103 de cod mali\u021bios; sau (d) obscen, discriminator, rasist, def\u0103im\u0103tor, h\u0103r\u021buitor, d\u0103un\u0103tor, inadecvat sau ilegal \u00een orice mod.<\/p>\n<p>Datele dvs. personale pot fi transferate, din proprie ini\u021biativ\u0103, poli\u021biei sau autorit\u0103\u021bilor judiciare ca dovad\u0103 sau dac\u0103 exist\u0103 suspiciuni justificate de un act ilegal sau o infrac\u021biune comis\u0103 de dumneavoastr\u0103 prin intermediul.<\/p>\n\n\t\t\t\t\t\t<\/div>\n\t\t\t\t<\/div>\n\t\t\t\t\t<\/div>\n\t\t\t\t<\/div>\n\t\t\t\t\t<\/div>\n\t\t\t\t<\/div>\n\t\t\t\t\t<\/div>\n\t\t\t\t<\/div>\n\t\t\t\t<\/div>","protected":false},"excerpt":{"rendered":"<p>POLITICA COOKIE: Aceast\u0103 politic\u0103 cookie (&#8222;Politica Cookie&#8221;) se aplic\u0103 site-ului SC Inamstro SRL (www.inamstro.md), denumit \u00een continuare &#8222;Site-ul&#8221;. Cookie-urile sunt fi\u0219iere text mici stocate pe dispozitivul dumneavoastr\u0103 care con\u021bin anumite informa\u021bii, uneori inclusiv date personale. Pluginurile de re\u021bele sociale sunt piese de software dezvoltate de re\u021bele sociale (de exemplu, Facebook, LinkedIn etc.), care adaug\u0103 func\u021bionalitate [&hellip;]<\/p>","protected":false},"author":1,"featured_media":0,"parent":0,"menu_order":0,"comment_status":"closed","ping_status":"closed","template":"","meta":{"inline_featured_image":false,"footnotes":""},"class_list":["post-851","page","type-page","status-publish","hentry"],"acf":[],"yoast_head":"<!-- This site is optimized with the Yoast SEO Premium plugin v21.5 (Yoast SEO v21.5) - https:\/\/yoast.com\/wordpress\/plugins\/seo\/ -->\n<title>TERMENI \u0218I CONDI\u021aII - Nobel Art Apartments<\/title>\n<meta name=\"robots\" content=\"index, follow, max-snippet:-1, max-image-preview:large, max-video-preview:-1\" \/>\n<link rel=\"canonical\" href=\"https:\/\/nobelartapartments.ro\/en\/terms-and-conditions\/\" \/>\n<meta property=\"og:locale\" content=\"en_US\" \/>\n<meta property=\"og:type\" content=\"article\" \/>\n<meta property=\"og:title\" content=\"TERMENI \u0218I CONDI\u021aII\" \/>\n<meta property=\"og:description\" content=\"POLITICA COOKIE: Aceast\u0103 politic\u0103 cookie (&#8222;Politica Cookie&#8221;) se aplic\u0103 site-ului SC Inamstro SRL (www.inamstro.md), denumit \u00een continuare &#8222;Site-ul&#8221;. Cookie-urile sunt fi\u0219iere text mici stocate pe dispozitivul dumneavoastr\u0103 care con\u021bin anumite informa\u021bii, uneori inclusiv date personale. Pluginurile de re\u021bele sociale sunt piese de software dezvoltate de re\u021bele sociale (de exemplu, Facebook, LinkedIn etc.), care adaug\u0103 func\u021bionalitate [&hellip;]\" \/>\n<meta property=\"og:url\" content=\"https:\/\/nobelartapartments.ro\/en\/terms-and-conditions\/\" \/>\n<meta property=\"og:site_name\" content=\"Nobel Art Apartments\" \/>\n<meta property=\"article:modified_time\" content=\"2024-07-10T08:55:48+00:00\" \/>\n<meta name=\"twitter:card\" content=\"summary_large_image\" \/>\n<meta name=\"twitter:label1\" content=\"Est. reading time\" \/>\n\t<meta name=\"twitter:data1\" content=\"4 minutes\" \/>\n<script type=\"application\/ld+json\" class=\"yoast-schema-graph\">{\"@context\":\"https:\/\/schema.org\",\"@graph\":[{\"@type\":\"WebPage\",\"@id\":\"https:\/\/nobelartapartments.ro\/terms-and-conditions\/\",\"url\":\"https:\/\/nobelartapartments.ro\/terms-and-conditions\/\",\"name\":\"TERMENI \u0218I CONDI\u021aII - Nobel Art Apartments\",\"isPartOf\":{\"@id\":\"https:\/\/nobelartapartments.ro\/#website\"},\"datePublished\":\"2024-05-29T11:29:18+00:00\",\"dateModified\":\"2024-07-10T08:55:48+00:00\",\"breadcrumb\":{\"@id\":\"https:\/\/nobelartapartments.ro\/terms-and-conditions\/#breadcrumb\"},\"inLanguage\":\"en-US\",\"potentialAction\":[{\"@type\":\"ReadAction\",\"target\":[\"https:\/\/nobelartapartments.ro\/terms-and-conditions\/\"]}]},{\"@type\":\"BreadcrumbList\",\"@id\":\"https:\/\/nobelartapartments.ro\/terms-and-conditions\/#breadcrumb\",\"itemListElement\":[{\"@type\":\"ListItem\",\"position\":1,\"name\":\"Home\",\"item\":\"https:\/\/nobelartapartments.ro\/\"},{\"@type\":\"ListItem\",\"position\":2,\"name\":\"TERMENI \u0218I CONDI\u021aII\"}]},{\"@type\":\"WebSite\",\"@id\":\"https:\/\/nobelartapartments.ro\/#website\",\"url\":\"https:\/\/nobelartapartments.ro\/\",\"name\":\"Nobel Art Apartments\",\"description\":\"complex rezidential\",\"publisher\":{\"@id\":\"https:\/\/nobelartapartments.ro\/#organization\"},\"potentialAction\":[{\"@type\":\"SearchAction\",\"target\":{\"@type\":\"EntryPoint\",\"urlTemplate\":\"https:\/\/nobelartapartments.ro\/?s={search_term_string}\"},\"query-input\":\"required name=search_term_string\"}],\"inLanguage\":\"en-US\"},{\"@type\":\"Organization\",\"@id\":\"https:\/\/nobelartapartments.ro\/#organization\",\"name\":\"Nobel Art Apartments\",\"url\":\"https:\/\/nobelartapartments.ro\/\",\"logo\":{\"@type\":\"ImageObject\",\"inLanguage\":\"en-US\",\"@id\":\"https:\/\/nobelartapartments.ro\/#\/schema\/logo\/image\/\",\"url\":\"https:\/\/nobelartapartments.ro\/wp-content\/uploads\/2024\/08\/Logo2.webp\",\"contentUrl\":\"https:\/\/nobelartapartments.ro\/wp-content\/uploads\/2024\/08\/Logo2.webp\",\"width\":470,\"height\":76,\"caption\":\"Nobel Art Apartments\"},\"image\":{\"@id\":\"https:\/\/nobelartapartments.ro\/#\/schema\/logo\/image\/\"}}]}<\/script>\n<!-- \/ Yoast SEO Premium plugin. -->","yoast_head_json":{"title":"TERMENI \u0218I CONDI\u021aII - Nobel Art Apartments","robots":{"index":"index","follow":"follow","max-snippet":"max-snippet:-1","max-image-preview":"max-image-preview:large","max-video-preview":"max-video-preview:-1"},"canonical":"https:\/\/nobelartapartments.ro\/en\/terms-and-conditions\/","og_locale":"en_US","og_type":"article","og_title":"TERMENI \u0218I CONDI\u021aII","og_description":"POLITICA COOKIE: Aceast\u0103 politic\u0103 cookie (&#8222;Politica Cookie&#8221;) se aplic\u0103 site-ului SC Inamstro SRL (www.inamstro.md), denumit \u00een continuare &#8222;Site-ul&#8221;. Cookie-urile sunt fi\u0219iere text mici stocate pe dispozitivul dumneavoastr\u0103 care con\u021bin anumite informa\u021bii, uneori inclusiv date personale. Pluginurile de re\u021bele sociale sunt piese de software dezvoltate de re\u021bele sociale (de exemplu, Facebook, LinkedIn etc.), care adaug\u0103 func\u021bionalitate [&hellip;]","og_url":"https:\/\/nobelartapartments.ro\/en\/terms-and-conditions\/","og_site_name":"Nobel Art Apartments","article_modified_time":"2024-07-10T08:55:48+00:00","twitter_card":"summary_large_image","twitter_misc":{"Est. reading time":"4 minutes"},"schema":{"@context":"https:\/\/schema.org","@graph":[{"@type":"WebPage","@id":"https:\/\/nobelartapartments.ro\/terms-and-conditions\/","url":"https:\/\/nobelartapartments.ro\/terms-and-conditions\/","name":"TERMENI \u0218I CONDI\u021aII - Nobel Art Apartments","isPartOf":{"@id":"https:\/\/nobelartapartments.ro\/#website"},"datePublished":"2024-05-29T11:29:18+00:00","dateModified":"2024-07-10T08:55:48+00:00","breadcrumb":{"@id":"https:\/\/nobelartapartments.ro\/terms-and-conditions\/#breadcrumb"},"inLanguage":"en-US","potentialAction":[{"@type":"ReadAction","target":["https:\/\/nobelartapartments.ro\/terms-and-conditions\/"]}]},{"@type":"BreadcrumbList","@id":"https:\/\/nobelartapartments.ro\/terms-and-conditions\/#breadcrumb","itemListElement":[{"@type":"ListItem","position":1,"name":"Home","item":"https:\/\/nobelartapartments.ro\/"},{"@type":"ListItem","position":2,"name":"TERMENI \u0218I CONDI\u021aII"}]},{"@type":"WebSite","@id":"https:\/\/nobelartapartments.ro\/#website","url":"https:\/\/nobelartapartments.ro\/","name":"Nobel Art Apartments","description":"complex rezidential","publisher":{"@id":"https:\/\/nobelartapartments.ro\/#organization"},"potentialAction":[{"@type":"SearchAction","target":{"@type":"EntryPoint","urlTemplate":"https:\/\/nobelartapartments.ro\/?s={search_term_string}"},"query-input":"required name=search_term_string"}],"inLanguage":"en-US"},{"@type":"Organization","@id":"https:\/\/nobelartapartments.ro\/#organization","name":"Nobel Art Apartments","url":"https:\/\/nobelartapartments.ro\/","logo":{"@type":"ImageObject","inLanguage":"en-US","@id":"https:\/\/nobelartapartments.ro\/#\/schema\/logo\/image\/","url":"https:\/\/nobelartapartments.ro\/wp-content\/uploads\/2024\/08\/Logo2.webp","contentUrl":"https:\/\/nobelartapartments.ro\/wp-content\/uploads\/2024\/08\/Logo2.webp","width":470,"height":76,"caption":"Nobel Art Apartments"},"image":{"@id":"https:\/\/nobelartapartments.ro\/#\/schema\/logo\/image\/"}}]}},"_links":{"self":[{"href":"https:\/\/nobelartapartments.ro\/en\/wp-json\/wp\/v2\/pages\/851"}],"collection":[{"href":"https:\/\/nobelartapartments.ro\/en\/wp-json\/wp\/v2\/pages"}],"about":[{"href":"https:\/\/nobelartapartments.ro\/en\/wp-json\/wp\/v2\/types\/page"}],"author":[{"embeddable":true,"href":"https:\/\/nobelartapartments.ro\/en\/wp-json\/wp\/v2\/users\/1"}],"replies":[{"embeddable":true,"href":"https:\/\/nobelartapartments.ro\/en\/wp-json\/wp\/v2\/comments?post=851"}],"version-history":[{"count":0,"href":"https:\/\/nobelartapartments.ro\/en\/wp-json\/wp\/v2\/pages\/851\/revisions"}],"wp:attachment":[{"href":"https:\/\/nobelartapartments.ro\/en\/wp-json\/wp\/v2\/media?parent=851"}],"curies":[{"name":"wp","href":"https:\/\/api.w.org\/{rel}","templated":true}]}}