{"id":3,"date":"2024-04-11T08:18:42","date_gmt":"2024-04-11T08:18:42","guid":{"rendered":"https:\/\/nobelartapartments.ro\/?page_id=3"},"modified":"2024-07-03T08:46:51","modified_gmt":"2024-07-03T08:46:51","slug":"privacy-policy","status":"publish","type":"page","link":"https:\/\/nobelartapartments.ro\/en\/privacy-policy\/","title":{"rendered":"PRIVACY POLICY"},"content":{"rendered":"<div data-elementor-type=\"wp-page\" data-elementor-id=\"3\" class=\"elementor elementor-3\">\n\t\t\t\t<div class=\"elementor-element elementor-element-521db46b e-flex e-con-boxed e-con e-parent\" data-id=\"521db46b\" data-element_type=\"container\" data-core-v316-plus=\"true\">\n\t\t\t\t\t<div class=\"e-con-inner\">\n\t\t<div class=\"elementor-element elementor-element-078d3a5 e-flex e-con-boxed e-con e-child\" data-id=\"078d3a5\" data-element_type=\"container\">\n\t\t\t\t\t<div class=\"e-con-inner\">\n\t\t<div class=\"elementor-element elementor-element-01952ba e-flex e-con-boxed e-con e-child\" data-id=\"01952ba\" data-element_type=\"container\">\n\t\t\t\t\t<div class=\"e-con-inner\">\n\t\t\t\t<div class=\"elementor-element elementor-element-c31e4f7 elementor-widget elementor-widget-text-editor\" data-id=\"c31e4f7\" data-element_type=\"widget\" data-widget_type=\"text-editor.default\">\n\t\t\t\t<div class=\"elementor-widget-container\">\n\t\t\t<style>\/*! elementor - v3.20.0 - 06-03-2024 *\/\n.elementor-widget-text-editor.elementor-drop-cap-view-stacked .elementor-drop-cap{background-color:#69727d;color:#fff}.elementor-widget-text-editor.elementor-drop-cap-view-framed .elementor-drop-cap{color:#69727d;border:3px solid;background-color:transparent}.elementor-widget-text-editor:not(.elementor-drop-cap-view-default) .elementor-drop-cap{margin-top:8px}.elementor-widget-text-editor:not(.elementor-drop-cap-view-default) .elementor-drop-cap-letter{width:1em;height:1em}.elementor-widget-text-editor .elementor-drop-cap{float:left;text-align:center;line-height:1;font-size:50px}.elementor-widget-text-editor .elementor-drop-cap-letter{display:inline-block}<\/style>\t\t\t\t<p><!-- wp:heading --><\/p>\n<p><span style=\"color: var( --e-global-color-text ); font-family: var( --e-global-typography-text-font-family ), Sans-serif; font-weight: var( --e-global-typography-text-font-weight ); text-align: var(--text-align); font-size: 1rem;\">Urm\u0103toarele informa\u021bii sunt concepute pentru a v\u0103 informa despre procesarea datelor dumneavoastr\u0103 personale \u0219i drepturile dumneavoastr\u0103 \u00een leg\u0103tur\u0103 cu aceast\u0103 procesare, conform:<\/span><\/p>\n<p>LEGEA nr. 133<\/p>\n<p>din 08-07-2011<\/p>\n<p>privind protec\u021bia datelor personale<\/p>\n<p>Publicat\u0103: 10-14-2011 \u00een Monitorul Oficial nr. 170-175 art. 492<\/p>\n<h2><b>MODIFICAT<\/b><\/h2>\n<p>LP155 din 15.07.22, MO246-250\/08.05.22 art.474; \u00een vigoare de la 09.05.22<\/p>\n<h2><b>INFORMA\u021aII GENERALE<\/b><\/h2>\n<p>Noi, SC Inamstro SRL (\u201eCompania\u201d), ac\u021bion\u0103m ca operator de date \u00een conformitate cu GDPR.<\/p>\n<p>Ca operator, ne angaj\u0103m s\u0103 protej\u0103m \u0219i s\u0103 respect\u0103m confiden\u021bialitatea dumneavoastr\u0103 \u0219i s\u0103 trat\u0103m datele personale confiden\u021bial, \u00een conformitate cu legisla\u021bia privind protec\u021bia datelor.<\/p>\n<p>Acest document descrie tipurile de informa\u021bii pe care le putem colecta de la dumneavoastr\u0103 sau pe care ni le pute\u021bi furniza atunci c\u00e2nd vizita\u021bi site-ul nostru (inamstro.md) \u0219i practicile noastre pentru colectarea, utilizarea, \u00eentre\u021binerea, protejarea \u0219i divulgarea acestor informa\u021bii.<\/p>\n<p>Prin utilizarea site-ului nostru, sunte\u021bi de acord cu practicile descrise \u00een aceast\u0103 politic\u0103. Dac\u0103 nu sunte\u021bi de acord cu politicile \u0219i practicile noastre, alegerea dumneavoastr\u0103 este s\u0103 nu utiliza\u021bi site-ul nostru.<\/p>\n<h2><b>SCOPUL PROCES\u0102RII \u0218I CATEGORIILE DE DATE PROCESATE:<\/b><\/h2>\n<p>\u00cen acest context, scopurile pentru care SC Inamstro SRL proceseaz\u0103 datele personale sunt urm\u0103toarele:<\/p>\n<p class=\" translation-block\">Prestarea serviciilor de consultan\u021b\u0103<br>Administrarea contractelor de serviciu pe baza unui contract<br>Asigurarea solu\u021biilor integrate de marketing \u0219i promovare pentru serviciile oferite<br>\u00cembun\u0103t\u0103\u021birea serviciilor oferite prin intermediul site-ului nostru<\/p>\n<p>Pentru \u00eendeplinirea scopurilor vizate, compania noastr\u0103 proceseaz\u0103 datele personale \u00een urm\u0103toarele opera\u021biuni:<\/p>\n<ul>\n<li>Preg\u0103tirea documentelor necesare pentru contractele de servicii \u00een toate etapele: ofertare, negociere, \u00eencheiere<\/li>\n<li>Transmiterea periodic\u0103 de informa\u021bii \u0219i oferte comerciale prin newsletter\/mail direct<\/li>\n<li>Includerea \u00een baza de date a companiei (CRM)<\/li>\n<li>Elaborarea contractelor de munc\u0103 \u0219i a altor documente pentru propriii angaja\u021bi sau pentru angajarea \u00een cadrul companiei noastre<\/li>\n<li>Identificarea precis\u0103 a dumneavoastr\u0103 atunci c\u00e2nd dori\u021bi s\u0103 realiza\u021bi o colaborare sau o tranzac\u021bie comercial\u0103 (prin solicitarea documentului de identitate)<\/li>\n<li>Furnizarea informa\u021biilor despre evenimentele companiei<\/li>\n<li>Participarea la sondaje de opinie privind ofertele \u0219i serviciile Companiei referitoare la satisfac\u021bia clien\u021bilor<\/li>\n<li>\u00cembun\u0103t\u0103\u021birea serviciilor oferite prin site-ul nostru prin colectarea feedback-ului \u0219i a altor date relevante.<\/li>\n<\/ul>\n<h2><b>BAZA LEGAL\u0102 PENTRU PROCESARE:<\/b><\/h2>\n<p>Baza legal\u0103 pentru colectarea \u0219i procesarea datelor dumneavoastr\u0103 pentru fiecare scop men\u021bionat include:<\/p>\n<ul>\n<li>\u00cendeplinirea unui contract din care face\u021bi parte sau pentru a lua m\u0103suri la solicitarea dumneavoastr\u0103 \u00eenainte de \u00eencheierea unui contract;<\/li>\n<li>Interesele legitime ale companiei, cum ar fi prevenirea fraudei, asigurarea securit\u0103\u021bii serviciilor noastre, marketing direct \u0219i \u00eembun\u0103t\u0103\u021birea serviciilor noastre. Ori de c\u00e2te ori ne baz\u0103m pe aceast\u0103 baz\u0103 legal\u0103 pentru a procesa datele dumneavoastr\u0103, ne asigur\u0103m c\u0103 aceste interese nu \u00eencalc\u0103 drepturile \u0219i libert\u0103\u021bile fundamentale ale dumneavoastr\u0103;<\/li>\n<li>Conformitatea cu o obliga\u021bie legal\u0103 c\u0103reia \u00eei suntem supu\u0219i, cum ar fi obliga\u021biile contabile \u0219i fiscale;<\/li>\n<li>Consim\u021b\u0103m\u00e2ntul dumneavoastr\u0103, acolo unde este necesar.<\/li>\n<\/ul>\n<p>De asemenea, colect\u0103m datele personale ale dumneavoastr\u0103 atunci c\u00e2nd, de exemplu:<\/p>\n<ul>\n<li>Achizi\u021biona\u021bi sau utiliza\u021bi serviciile noastre;<\/li>\n<li>V\u0103 \u00eenregistra\u021bi pentru un serviciu anume;<\/li>\n<li>V\u0103 abona\u021bi la newsletter-uri sau la alte servicii pe care le oferim;<\/li>\n<li>Ne contacta\u021bi prin diverse canale sau solicita\u021bi informa\u021bii despre un serviciu;<\/li>\n<li>Vizita\u021bi sau naviga\u021bi pe site-ul nostru sau pe alte site-uri ale SC Inamstro SRL;<\/li>\n<li>A\u021bi permis altor companii, cum ar fi partenerii no\u0219tri de afaceri sau furnizorii ter\u021bi, s\u0103 partajeze informa\u021bii cu noi.<\/li>\n<\/ul>\n<p>\u00cen plus, colect\u0103m informa\u021bii de la anumite organiza\u021bii, dac\u0103 este aplicabil \u0219i \u00een m\u0103sura \u00een care avem motive legale pentru a face acest lucru. Acestea pot include agen\u021bii de prevenire a fraudelor, agen\u021bii de verificare, agen\u021bii de facturare \u0219i furnizorii de servicii contracta\u021bi.<\/p>\n<p>Folosim cookie-uri (fi\u0219iere text mici stocate \u00een browserul dumneavoastr\u0103) \u0219i alte tehnici, cum ar fi web beacons (imagini transparente mici utilizate pentru a urm\u0103ri mi\u0219c\u0103rile dumneavoastr\u0103 pe site-ul nostru). Pentru mai multe informa\u021bii despre acestea \u0219i cum s\u0103 opta\u021bi pentru neutilizarea lor, v\u0103 rug\u0103m s\u0103 consulta\u021bi sec\u021biunea Cookie de pe site-ul nostru la contact@inamstro.md.<\/p>\n<h2><b>CATEGORII DE DESTINATARI C\u0102RORA LE POT FI DIVULGATE DATELE PERSONALE COLECTATE:<\/b><\/h2>\n<p>Pentru a \u00eendeplini scopurile men\u021bionate mai sus, este posibil s\u0103 \u00eemp\u0103rt\u0103\u0219im datele dumneavoastr\u0103 personale cu urm\u0103toarele categorii de entit\u0103\u021bi:<\/p>\n<ul>\n<li>Furnizori (proprietari de imobile) direct sau indirect implica\u021bi \u00een oferirea serviciilor imobiliare;<\/li>\n<li>Autorit\u0103\u021bi statale (inclusiv autorit\u0103\u021bi fiscale);<\/li>\n<li>Contabili, auditori, exper\u021bi judiciari, avoca\u021bi sau al\u021bi consilieri externi ai Companiei sau c\u0103tre ter\u021be p\u0103r\u021bi care furnizeaz\u0103 produse \u0219i servicii Companiei (cum ar fi furnizorii de servicii de securitate, consultan\u021bi IT, consultan\u021bi financiari);<\/li>\n<li>Furnizorii Companiei implica\u021bi direct sau indirect \u00een procesul de marketing \u0219i promovare.<\/li>\n<\/ul>\n<h2><b>DURATA P\u0102STR\u0102RII<\/b><\/h2>\n<p>Datele dumneavoastr\u0103 personale vor fi p\u0103strate de Companie pentru o perioad\u0103 care nu dep\u0103\u0219e\u0219te durata necesar\u0103 pentru \u00eendeplinirea scopurilor descrise mai sus \u0219i\/sau pentru orice alt\u0103 durat\u0103 necesar\u0103 \u00een conformitate cu obliga\u021biile legale aplicabile Companiei. Aceasta este determinat\u0103 pe baza urm\u0103toarelor criterii:<\/p>\n<ul>\n<li>C\u00e2nd achizi\u021biona\u021bi drepturi de proprietate prin intermediul companiei noastre, p\u0103str\u0103m datele dumneavoastr\u0103 personale pe durata rela\u021biei contractuale;<\/li>\n<li>Dac\u0103 participa\u021bi la o ofert\u0103 promo\u021bional\u0103, p\u0103str\u0103m datele dumneavoastr\u0103 personale pe durata ofertei promo\u021bionale;<\/li>\n<li>Dac\u0103 ne contacta\u021bi pentru un serviciu, p\u0103str\u0103m datele dumneavoastr\u0103 personale pentru timpul necesar pentru a procesa solicitarea dumneavoastr\u0103, dar nu mai mult de 10 ani de la ultima coresponden\u021b\u0103 trimis\u0103, pentru a respecta prevederile fiscale;<br \/><\/li>\n<li>Dac\u0103 v\u0103 \u00eenregistra\u021bi pe site-ul nostru, p\u0103str\u0103m datele dumneavoastr\u0103 personale p\u00e2n\u0103 c\u00e2nd solicita\u021bi \u0219tergerea acestora sau dup\u0103 o perioad\u0103 de inactivitate (f\u0103r\u0103 interac\u021biune activ\u0103 cu m\u0103rcile noastre). \u00cen acest sens, men\u021bion\u0103m c\u0103 datele procesate \u00een acest scop vor fi \u0219terse la 5 ani dup\u0103 ultima interac\u021biune;<\/li>\n<li>Dac\u0103 a\u021bi consim\u021bit la marketing, p\u0103str\u0103m datele dumneavoastr\u0103 personale p\u00e2n\u0103 c\u00e2nd v\u0103 dezabona\u021bi sau solicita\u021bi \u0219tergerea acestora sau dup\u0103 o perioad\u0103 de inactivitate (f\u0103r\u0103 interac\u021biune activ\u0103 cu m\u0103rcile noastre) definit\u0103 \u00een conformitate cu reglement\u0103rile locale. \u00cen acest sens, men\u021bion\u0103m c\u0103 datele stocate \u00een bazele noastre de date \u00een scopul comunic\u0103rilor de marketing direct sunt \u0219terse din eviden\u021bele acestor baze de date la 10 ani dup\u0103 ultima interac\u021biune.<\/li>\n<\/ul>\n<h2><b>DREPTURILE DUMNEAVOASTR\u0102<\/b><\/h2>\n<p>Regulamentul acord\u0103 persoanelor ale c\u0103ror date personale sunt procesate o serie de drepturi. Astfel, ave\u021bi urm\u0103toarele drepturi:<\/p>\n<p>Dreptul de a retrage consim\u021b\u0103m\u00e2ntul \u00een orice moment pentru a opri procesarea datelor bazat\u0103 pe consim\u021b\u0103m\u00e2ntul dumneavoastr\u0103. Retragerea nu va afecta legalitatea proces\u0103rii bazate pe consim\u021b\u0103m\u00e2ntul acordat \u00eenainte de retragerea acestuia.<br \/>Dreptul de acces &#8211; pute\u021bi ob\u021bine confirmare de la noi dac\u0103 se proceseaz\u0103 sau nu date personale care v\u0103 privesc, \u0219i \u00een caz afirmativ, pute\u021bi accesa aceste date \u0219i informa\u021bii despre cum sunt procesate aceste date.<br \/>Dreptul la portabilitatea datelor \u2013 pute\u021bi primi datele personale \u00eentr-un format structurat, utilizat \u00een mod obi\u0219nuit \u0219i lizibil de ma\u0219in\u0103, \u0219i ave\u021bi dreptul de a avea aceste date transmise direct altui operator, dac\u0103 este fezabil tehnic.<br \/>Dreptul de a obiecta \u2013 pute\u021bi s\u0103 v\u0103 opune\u021bi proces\u0103rii datelor personale c\u00e2nd procesarea este necesar\u0103 pentru executarea unei sarcini care serve\u0219te un interes public sau c\u00e2nd considera un interes legitim al operatorului. C\u00e2nd procesarea datelor personale are ca scop marketingul direct sau procesarea bazat\u0103 pe consim\u021b\u0103m\u00e2nt, ave\u021bi dreptul de a v\u0103 opune proces\u0103rii \u00een orice moment.<br \/>Dreptul la rectificare \u2013 pute\u021bi solicita corectarea datelor personale incorecte. Rectificarea va fi comunicat\u0103 fiec\u0103rui destinatar c\u0103ruia i-au fost transmise datele.<br \/>Dreptul la \u0219tergerea datelor (\u201edreptul de a fi uitat\u201d) \u2013 ave\u021bi dreptul de a solicita \u0219tergerea datelor personale atunci c\u00e2nd acestea nu mai sunt necesare pentru scopurile pentru care au fost colectate sau procesate sau \u00een alte situa\u021bii specificate de regulament.<br \/>Dreptul de a restric\u021biona procesarea \u2013 poate fi exercitat \u00een anumite circumstan\u021be, cum ar fi atunci c\u00e2nd contesta\u021bi acurate\u021bea datelor sau c\u00e2nd procesarea este ilegal\u0103.<\/p>\n<p>Pentru a exercita aceste drepturi, precum \u0219i pentru orice \u00eentreb\u0103ri suplimentare referitoare la acest aviz sau \u00een leg\u0103tur\u0103 cu utilizarea datelor personale de c\u0103tre Companie, v\u0103 rug\u0103m s\u0103 contacta\u021bi ofi\u021berul nostru pentru protec\u021bia datelor, folosind oricare dintre metodele de comunicare descrise mai jos.<\/p>\n<p>Pute\u021bi s\u0103 ne contacta\u021bi la: contact@inamstro.md<\/p>\n\t\t\t\t\t\t<\/div>\n\t\t\t\t<\/div>\n\t\t\t\t\t<\/div>\n\t\t\t\t<\/div>\n\t\t\t\t\t<\/div>\n\t\t\t\t<\/div>\n\t\t\t\t\t<\/div>\n\t\t\t\t<\/div>\n\t\t\t\t<\/div>","protected":false},"excerpt":{"rendered":"<p>Urm\u0103toarele informa\u021bii sunt concepute pentru a v\u0103 informa despre procesarea datelor dumneavoastr\u0103 personale \u0219i drepturile dumneavoastr\u0103 \u00een leg\u0103tur\u0103 cu aceast\u0103 procesare, conform: LEGEA nr. 133 din 08-07-2011 privind protec\u021bia datelor personale Publicat\u0103: 10-14-2011 \u00een Monitorul Oficial nr. 170-175 art. 492 MODIFICAT LP155 din 15.07.22, MO246-250\/08.05.22 art.474; \u00een vigoare de la 09.05.22 INFORMA\u021aII GENERALE Noi, SC [&hellip;]<\/p>","protected":false},"author":1,"featured_media":0,"parent":0,"menu_order":0,"comment_status":"closed","ping_status":"closed","template":"","meta":{"inline_featured_image":false,"footnotes":""},"class_list":["post-3","page","type-page","status-publish","hentry"],"acf":[],"yoast_head":"<!-- This site is optimized with the Yoast SEO Premium plugin v21.5 (Yoast SEO v21.5) - https:\/\/yoast.com\/wordpress\/plugins\/seo\/ -->\n<title>POLITICA DE CONFIDEN\u021aIALITATE - Nobel Art Apartments<\/title>\n<meta name=\"robots\" content=\"index, follow, max-snippet:-1, max-image-preview:large, max-video-preview:-1\" \/>\n<link rel=\"canonical\" href=\"https:\/\/nobelartapartments.ro\/en\/privacy-policy\/\" \/>\n<meta property=\"og:locale\" content=\"en_US\" \/>\n<meta property=\"og:type\" content=\"article\" \/>\n<meta property=\"og:title\" content=\"POLITICA DE CONFIDEN\u021aIALITATE\" \/>\n<meta property=\"og:description\" content=\"Urm\u0103toarele informa\u021bii sunt concepute pentru a v\u0103 informa despre procesarea datelor dumneavoastr\u0103 personale \u0219i drepturile dumneavoastr\u0103 \u00een leg\u0103tur\u0103 cu aceast\u0103 procesare, conform: LEGEA nr. 133 din 08-07-2011 privind protec\u021bia datelor personale Publicat\u0103: 10-14-2011 \u00een Monitorul Oficial nr. 170-175 art. 492 MODIFICAT LP155 din 15.07.22, MO246-250\/08.05.22 art.474; \u00een vigoare de la 09.05.22 INFORMA\u021aII GENERALE Noi, SC [&hellip;]\" \/>\n<meta property=\"og:url\" content=\"https:\/\/nobelartapartments.ro\/en\/privacy-policy\/\" \/>\n<meta property=\"og:site_name\" content=\"Nobel Art Apartments\" \/>\n<meta property=\"article:modified_time\" content=\"2024-07-03T08:46:51+00:00\" \/>\n<meta name=\"twitter:card\" content=\"summary_large_image\" \/>\n<script type=\"application\/ld+json\" class=\"yoast-schema-graph\">{\"@context\":\"https:\/\/schema.org\",\"@graph\":[{\"@type\":\"WebPage\",\"@id\":\"https:\/\/nobelartapartments.ro\/privacy-policy\/\",\"url\":\"https:\/\/nobelartapartments.ro\/privacy-policy\/\",\"name\":\"POLITICA DE CONFIDEN\u021aIALITATE - Nobel Art Apartments\",\"isPartOf\":{\"@id\":\"https:\/\/nobelartapartments.ro\/#website\"},\"datePublished\":\"2024-04-11T08:18:42+00:00\",\"dateModified\":\"2024-07-03T08:46:51+00:00\",\"breadcrumb\":{\"@id\":\"https:\/\/nobelartapartments.ro\/privacy-policy\/#breadcrumb\"},\"inLanguage\":\"en-US\",\"potentialAction\":[{\"@type\":\"ReadAction\",\"target\":[\"https:\/\/nobelartapartments.ro\/privacy-policy\/\"]}]},{\"@type\":\"BreadcrumbList\",\"@id\":\"https:\/\/nobelartapartments.ro\/privacy-policy\/#breadcrumb\",\"itemListElement\":[{\"@type\":\"ListItem\",\"position\":1,\"name\":\"Home\",\"item\":\"https:\/\/nobelartapartments.ro\/\"},{\"@type\":\"ListItem\",\"position\":2,\"name\":\"POLITICA DE CONFIDEN\u021aIALITATE\"}]},{\"@type\":\"WebSite\",\"@id\":\"https:\/\/nobelartapartments.ro\/#website\",\"url\":\"https:\/\/nobelartapartments.ro\/\",\"name\":\"Nobel Art Apartments\",\"description\":\"complex rezidential\",\"publisher\":{\"@id\":\"https:\/\/nobelartapartments.ro\/#organization\"},\"potentialAction\":[{\"@type\":\"SearchAction\",\"target\":{\"@type\":\"EntryPoint\",\"urlTemplate\":\"https:\/\/nobelartapartments.ro\/?s={search_term_string}\"},\"query-input\":\"required name=search_term_string\"}],\"inLanguage\":\"en-US\"},{\"@type\":\"Organization\",\"@id\":\"https:\/\/nobelartapartments.ro\/#organization\",\"name\":\"Nobel Art Apartments\",\"url\":\"https:\/\/nobelartapartments.ro\/\",\"logo\":{\"@type\":\"ImageObject\",\"inLanguage\":\"en-US\",\"@id\":\"https:\/\/nobelartapartments.ro\/#\/schema\/logo\/image\/\",\"url\":\"https:\/\/nobelartapartments.ro\/wp-content\/uploads\/2024\/08\/Logo2.webp\",\"contentUrl\":\"https:\/\/nobelartapartments.ro\/wp-content\/uploads\/2024\/08\/Logo2.webp\",\"width\":470,\"height\":76,\"caption\":\"Nobel Art Apartments\"},\"image\":{\"@id\":\"https:\/\/nobelartapartments.ro\/#\/schema\/logo\/image\/\"}}]}<\/script>\n<!-- \/ Yoast SEO Premium plugin. -->","yoast_head_json":{"title":"POLITICA DE CONFIDEN\u021aIALITATE - Nobel Art Apartments","robots":{"index":"index","follow":"follow","max-snippet":"max-snippet:-1","max-image-preview":"max-image-preview:large","max-video-preview":"max-video-preview:-1"},"canonical":"https:\/\/nobelartapartments.ro\/en\/privacy-policy\/","og_locale":"en_US","og_type":"article","og_title":"POLITICA DE CONFIDEN\u021aIALITATE","og_description":"Urm\u0103toarele informa\u021bii sunt concepute pentru a v\u0103 informa despre procesarea datelor dumneavoastr\u0103 personale \u0219i drepturile dumneavoastr\u0103 \u00een leg\u0103tur\u0103 cu aceast\u0103 procesare, conform: LEGEA nr. 133 din 08-07-2011 privind protec\u021bia datelor personale Publicat\u0103: 10-14-2011 \u00een Monitorul Oficial nr. 170-175 art. 492 MODIFICAT LP155 din 15.07.22, MO246-250\/08.05.22 art.474; \u00een vigoare de la 09.05.22 INFORMA\u021aII GENERALE Noi, SC [&hellip;]","og_url":"https:\/\/nobelartapartments.ro\/en\/privacy-policy\/","og_site_name":"Nobel Art Apartments","article_modified_time":"2024-07-03T08:46:51+00:00","twitter_card":"summary_large_image","schema":{"@context":"https:\/\/schema.org","@graph":[{"@type":"WebPage","@id":"https:\/\/nobelartapartments.ro\/privacy-policy\/","url":"https:\/\/nobelartapartments.ro\/privacy-policy\/","name":"POLITICA DE CONFIDEN\u021aIALITATE - Nobel Art Apartments","isPartOf":{"@id":"https:\/\/nobelartapartments.ro\/#website"},"datePublished":"2024-04-11T08:18:42+00:00","dateModified":"2024-07-03T08:46:51+00:00","breadcrumb":{"@id":"https:\/\/nobelartapartments.ro\/privacy-policy\/#breadcrumb"},"inLanguage":"en-US","potentialAction":[{"@type":"ReadAction","target":["https:\/\/nobelartapartments.ro\/privacy-policy\/"]}]},{"@type":"BreadcrumbList","@id":"https:\/\/nobelartapartments.ro\/privacy-policy\/#breadcrumb","itemListElement":[{"@type":"ListItem","position":1,"name":"Home","item":"https:\/\/nobelartapartments.ro\/"},{"@type":"ListItem","position":2,"name":"POLITICA DE CONFIDEN\u021aIALITATE"}]},{"@type":"WebSite","@id":"https:\/\/nobelartapartments.ro\/#website","url":"https:\/\/nobelartapartments.ro\/","name":"Nobel Art Apartments","description":"complex rezidential","publisher":{"@id":"https:\/\/nobelartapartments.ro\/#organization"},"potentialAction":[{"@type":"SearchAction","target":{"@type":"EntryPoint","urlTemplate":"https:\/\/nobelartapartments.ro\/?s={search_term_string}"},"query-input":"required name=search_term_string"}],"inLanguage":"en-US"},{"@type":"Organization","@id":"https:\/\/nobelartapartments.ro\/#organization","name":"Nobel Art Apartments","url":"https:\/\/nobelartapartments.ro\/","logo":{"@type":"ImageObject","inLanguage":"en-US","@id":"https:\/\/nobelartapartments.ro\/#\/schema\/logo\/image\/","url":"https:\/\/nobelartapartments.ro\/wp-content\/uploads\/2024\/08\/Logo2.webp","contentUrl":"https:\/\/nobelartapartments.ro\/wp-content\/uploads\/2024\/08\/Logo2.webp","width":470,"height":76,"caption":"Nobel Art Apartments"},"image":{"@id":"https:\/\/nobelartapartments.ro\/#\/schema\/logo\/image\/"}}]}},"_links":{"self":[{"href":"https:\/\/nobelartapartments.ro\/en\/wp-json\/wp\/v2\/pages\/3"}],"collection":[{"href":"https:\/\/nobelartapartments.ro\/en\/wp-json\/wp\/v2\/pages"}],"about":[{"href":"https:\/\/nobelartapartments.ro\/en\/wp-json\/wp\/v2\/types\/page"}],"author":[{"embeddable":true,"href":"https:\/\/nobelartapartments.ro\/en\/wp-json\/wp\/v2\/users\/1"}],"replies":[{"embeddable":true,"href":"https:\/\/nobelartapartments.ro\/en\/wp-json\/wp\/v2\/comments?post=3"}],"version-history":[{"count":0,"href":"https:\/\/nobelartapartments.ro\/en\/wp-json\/wp\/v2\/pages\/3\/revisions"}],"wp:attachment":[{"href":"https:\/\/nobelartapartments.ro\/en\/wp-json\/wp\/v2\/media?parent=3"}],"curies":[{"name":"wp","href":"https:\/\/api.w.org\/{rel}","templated":true}]}}